{"id":6,"date":"2024-08-18T07:40:35","date_gmt":"2024-08-18T07:40:35","guid":{"rendered":"https:\/\/qfi.paris\/?page_id=6"},"modified":"2024-08-18T14:22:39","modified_gmt":"2024-08-18T14:22:39","slug":"a-propos-de-qualite-france-international-qfi","status":"publish","type":"page","link":"http:\/\/qfi.paris\/fr_fr\/","title":{"rendered":"A propos de nous"},"content":{"rendered":"\n<p>Fond\u00e9e en 2017, Qualit\u00e9 France Internationale (QFI) s&rsquo;engage \u00e0 promouvoir la gastronomie fran\u00e7aise \u00e0 travers le monde. Nous sommes passionn\u00e9s par la richesse culinaire de la France et nous nous effor\u00e7ons de partager cette passion avec nos clients \u00e0 travers nos s\u00e9lections de vins exceptionnels.<\/p>\n\n\n\n<figure class=\"wp-block-image size-large\"><img loading=\"lazy\" decoding=\"async\" width=\"1024\" height=\"550\" src=\"https:\/\/qfi.paris\/wp-content\/uploads\/2024\/08\/marche-vin-2019-1024x550.jpeg\" alt=\"\" class=\"wp-image-42\" srcset=\"https:\/\/qfi.paris\/wp-content\/uploads\/2024\/08\/marche-vin-2019-1024x550.jpeg 1024w, https:\/\/qfi.paris\/wp-content\/uploads\/2024\/08\/marche-vin-2019-300x161.jpeg 300w, https:\/\/qfi.paris\/wp-content\/uploads\/2024\/08\/marche-vin-2019-768x413.jpeg 768w, https:\/\/qfi.paris\/wp-content\/uploads\/2024\/08\/marche-vin-2019-1536x826.jpeg 1536w, https:\/\/qfi.paris\/wp-content\/uploads\/2024\/08\/marche-vin-2019.jpeg 1600w\" sizes=\"auto, (max-width: 1024px) 100vw, 1024px\" \/><\/figure>\n\n\n\n<h2 class=\"wp-block-heading\"><strong>Notre Mission<\/strong><\/h2>\n\n\n\n<p>Chez QFI, notre mission est claire : faire d\u00e9couvrir la gastronomie fran\u00e7aise aux habitants du monde entier. Nous croyons fermement que chaque bouteille de vin que nous exportons est une invitation \u00e0 un voyage sensoriel au c\u0153ur des terroirs fran\u00e7ais.<\/p>\n\n\n\n<h2 class=\"wp-block-heading\">Nos valeurs<\/h2>\n\n\n\n<p>Au c\u0153ur de notre entreprise se trouvent nos valeurs fondamentales :<\/p>\n\n\n\n<ul class=\"wp-block-list\">\n<li><strong>Respect :<\/strong> Nous nous engageons \u00e0 ne proposer que les meilleurs produits, s\u00e9lectionn\u00e9s avec soin aupr\u00e8s de nos partenaires viticoles.<\/li>\n\n\n\n<li><strong>Qualit\u00e9 :<\/strong> Nous recherchons constamment la plus haute qualit\u00e9 dans nos vins, afin de garantir une exp\u00e9rience gustative in\u00e9gal\u00e9e \u00e0 nos clients.<\/li>\n\n\n\n<li><strong>Coop\u00e9ration gagnant-gagnant :<\/strong> Nous croyons en des relations commerciales bas\u00e9es sur la confiance et le partenariat, o\u00f9 chacun prosp\u00e8re mutuellement.<\/li>\n<\/ul>\n\n\n\n<p>Chez QFI, nous sommes d\u00e9termin\u00e9s \u00e0 offrir \u00e0 nos clients une exp\u00e9rience vinicole authentique, marqu\u00e9e par l&rsquo;excellence et la passion pour le vin fran\u00e7ais.<\/p>\n\n\n\n<hr class=\"wp-block-separator has-alpha-channel-opacity\"\/>\n","protected":false},"excerpt":{"rendered":"<p>Fond\u00e9e en 2017, Qualit\u00e9 France Internationale (QFI) s&rsquo;engage \u00e0 promouvoir la gastronomie fran\u00e7aise \u00e0 travers le monde. Nous sommes passionn\u00e9s par la richesse culinaire de la France et nous nous effor\u00e7ons de partager cette passion avec nos clients \u00e0 travers nos s\u00e9lections de vins exceptionnels. Notre Mission Chez QFI, notre mission est claire : faire [&hellip;]<\/p>\n","protected":false},"author":1,"featured_media":0,"parent":0,"menu_order":0,"comment_status":"closed","ping_status":"closed","template":"","meta":{"footnotes":""},"class_list":["post-6","page","type-page","status-publish","hentry"],"_links":{"self":[{"href":"http:\/\/qfi.paris\/fr_fr\/wp-json\/wp\/v2\/pages\/6","targetHints":{"allow":["GET"]}}],"collection":[{"href":"http:\/\/qfi.paris\/fr_fr\/wp-json\/wp\/v2\/pages"}],"about":[{"href":"http:\/\/qfi.paris\/fr_fr\/wp-json\/wp\/v2\/types\/page"}],"author":[{"embeddable":true,"href":"http:\/\/qfi.paris\/fr_fr\/wp-json\/wp\/v2\/users\/1"}],"replies":[{"embeddable":true,"href":"http:\/\/qfi.paris\/fr_fr\/wp-json\/wp\/v2\/comments?post=6"}],"version-history":[{"count":4,"href":"http:\/\/qfi.paris\/fr_fr\/wp-json\/wp\/v2\/pages\/6\/revisions"}],"predecessor-version":[{"id":69,"href":"http:\/\/qfi.paris\/fr_fr\/wp-json\/wp\/v2\/pages\/6\/revisions\/69"}],"wp:attachment":[{"href":"http:\/\/qfi.paris\/fr_fr\/wp-json\/wp\/v2\/media?parent=6"}],"curies":[{"name":"wp","href":"https:\/\/api.w.org\/{rel}","templated":true}]}}