{"id":6,"date":"2024-08-18T07:40:35","date_gmt":"2024-08-18T07:40:35","guid":{"rendered":"https:\/\/qfi.paris\/?page_id=6"},"modified":"2024-08-18T14:22:39","modified_gmt":"2024-08-18T14:22:39","slug":"a-propos-de-qualite-france-international-qfi","status":"publish","type":"page","link":"http:\/\/qfi.paris\/zh\/","title":{"rendered":"\u5173\u4e8e\u6211\u4eec"},"content":{"rendered":"<p>\u6cd5\u56fd\u54c1\u8d28\u56fd\u9645\u516c\u53f8\u6210\u7acb\u4e8e 2017 \u5e74\uff0c\u81f4\u529b\u4e8e\u5728\u5168\u7403\u63a8\u5e7f\u6cd5\u56fd\u7f8e\u98df\u3002\u6211\u4eec\u5bf9\u6cd5\u56fd\u4e30\u5bcc\u7684\u7f8e\u98df\u5145\u6ee1\u70ed\u60c5\uff0c\u5e76\u52aa\u529b\u901a\u8fc7\u6211\u4eec\u7cbe\u9009\u7684\u4f18\u8d28\u8461\u8404\u9152\u4e0e\u5ba2\u6237\u5206\u4eab\u8fd9\u79cd\u70ed\u60c5\u3002<\/p>\n\n\n\n<figure class=\"wp-block-image size-large\"><img loading=\"lazy\" decoding=\"async\" width=\"1024\" height=\"550\" src=\"https:\/\/qfi.paris\/wp-content\/uploads\/2024\/08\/marche-vin-2019-1024x550.jpeg\" alt=\"\" class=\"wp-image-42\" srcset=\"https:\/\/qfi.paris\/wp-content\/uploads\/2024\/08\/marche-vin-2019-1024x550.jpeg 1024w, https:\/\/qfi.paris\/wp-content\/uploads\/2024\/08\/marche-vin-2019-300x161.jpeg 300w, https:\/\/qfi.paris\/wp-content\/uploads\/2024\/08\/marche-vin-2019-768x413.jpeg 768w, https:\/\/qfi.paris\/wp-content\/uploads\/2024\/08\/marche-vin-2019-1536x826.jpeg 1536w, https:\/\/qfi.paris\/wp-content\/uploads\/2024\/08\/marche-vin-2019.jpeg 1600w\" sizes=\"auto, (max-width: 1024px) 100vw, 1024px\" \/><\/figure>\n\n\n\n<h2 class=\"wp-block-heading\"><strong>\u6211\u4eec\u7684\u4f7f\u547d<\/strong><\/h2>\n\n\n\n<p>\u5728\u6cd5\u56fd\u54c1\u8d28\u56fd\u9645\u516c\u53f8\u6211\u4eec\u7684\u4f7f\u547d\u5f88\u660e\u786e\uff1a\u5411\u4e16\u754c\u5404\u5730\u7684\u4eba\u4eec\u4ecb\u7ecd\u6cd5\u56fd\u7f8e\u98df\u3002\u6211\u4eec\u575a\u4fe1\uff0c\u6211\u4eec\u51fa\u53e3\u7684\u6bcf\u4e00\u74f6\u8461\u8404\u9152\u90fd\u662f\u4e00\u6b21\u524d\u5f80\u6cd5\u56fd\u98ce\u571f\u4e2d\u5fc3\u611f\u5b98\u4e4b\u65c5\u7684\u9080\u8bf7\u3002<\/p>\n\n\n\n<h2 class=\"wp-block-heading\">\u6211\u4eec\u7684\u4ef7\u503c\u89c2<\/h2>\n\n\n\n<p>\u6211\u4eec\u516c\u53f8\u7684\u6838\u5fc3\u662f\u6211\u4eec\u7684\u6838\u5fc3\u4ef7\u503c\u89c2\uff1a<\/p>\n\n\n\n<ul class=\"wp-block-list\">\n<li><strong>\u5c0a\u91cd\uff1a<\/strong> \u6211\u4eec\u81f4\u529b\u4e8e\u53ea\u63d0\u4f9b\u4ece\u6211\u4eec\u7684\u8461\u8404\u9152\u5408\u4f5c\u4f19\u4f34\u4e2d\u7cbe\u5fc3\u6311\u9009\u7684\u6700\u597d\u7684\u4ea7\u54c1\u3002<\/li>\n\n\n\n<li><strong>\u8d28\u91cf\uff1a<\/strong> \u6211\u4eec\u4e0d\u65ad\u8ffd\u6c42\u8461\u8404\u9152\u7684\u6700\u9ad8\u54c1\u8d28\uff0c\u4ee5\u4fdd\u8bc1\u4e3a\u5ba2\u6237\u63d0\u4f9b\u65e0\u4e0e\u4f26\u6bd4\u7684\u5473\u89c9\u4f53\u9a8c\u3002<\/li>\n\n\n\n<li><strong>\u5408\u4f5c\u5171\u8d62\uff1a<\/strong> \u6211\u4eec\u76f8\u4fe1\u57fa\u4e8e\u4fe1\u4efb\u548c\u4f19\u4f34\u7684\u4e1a\u52a1\u5173\u7cfb\uff0c\u6bcf\u4e2a\u4eba\u90fd\u80fd\u5171\u540c\u7e41\u8363\u3002<\/li>\n<\/ul>\n\n\n\n<p>\u5728\u6cd5\u56fd\u54c1\u8d28\u516c\u53f8\uff0c\u6211\u4eec\u51b3\u5fc3\u4e3a\u5ba2\u6237\u63d0\u4f9b\u6b63\u5b97\u7684\u8461\u8404\u9152\u4f53\u9a8c\uff0c\u4ee5\u5353\u8d8a\u548c\u5bf9\u6cd5\u56fd\u8461\u8404\u9152\u7684\u70ed\u60c5\u4e3a\u6807\u5fd7\u3002<\/p>\n\n\n\n<hr class=\"wp-block-separator has-alpha-channel-opacity\"\/>","protected":false},"excerpt":{"rendered":"<p>Fond\u00e9e en 2017, Qualit\u00e9 France Internationale (QFI) s&rsquo;engage \u00e0 promouvoir la gastronomie fran\u00e7aise \u00e0 travers le monde. Nous sommes passionn\u00e9s par la richesse culinaire de la France et nous nous effor\u00e7ons de partager cette passion avec nos clients \u00e0 travers nos s\u00e9lections de vins exceptionnels. Notre Mission Chez QFI, notre mission est claire : faire [&hellip;]<\/p>\n","protected":false},"author":1,"featured_media":0,"parent":0,"menu_order":0,"comment_status":"closed","ping_status":"closed","template":"","meta":{"footnotes":""},"class_list":["post-6","page","type-page","status-publish","hentry"],"_links":{"self":[{"href":"http:\/\/qfi.paris\/zh\/wp-json\/wp\/v2\/pages\/6","targetHints":{"allow":["GET"]}}],"collection":[{"href":"http:\/\/qfi.paris\/zh\/wp-json\/wp\/v2\/pages"}],"about":[{"href":"http:\/\/qfi.paris\/zh\/wp-json\/wp\/v2\/types\/page"}],"author":[{"embeddable":true,"href":"http:\/\/qfi.paris\/zh\/wp-json\/wp\/v2\/users\/1"}],"replies":[{"embeddable":true,"href":"http:\/\/qfi.paris\/zh\/wp-json\/wp\/v2\/comments?post=6"}],"version-history":[{"count":4,"href":"http:\/\/qfi.paris\/zh\/wp-json\/wp\/v2\/pages\/6\/revisions"}],"predecessor-version":[{"id":69,"href":"http:\/\/qfi.paris\/zh\/wp-json\/wp\/v2\/pages\/6\/revisions\/69"}],"wp:attachment":[{"href":"http:\/\/qfi.paris\/zh\/wp-json\/wp\/v2\/media?parent=6"}],"curies":[{"name":"wp","href":"https:\/\/api.w.org\/{rel}","templated":true}]}}