{"id":10,"date":"2024-08-18T08:07:53","date_gmt":"2024-08-18T08:07:53","guid":{"rendered":"https:\/\/qfi.paris\/?page_id=10"},"modified":"2024-08-18T16:25:34","modified_gmt":"2024-08-18T16:25:34","slug":"nos-vins","status":"publish","type":"page","link":"https:\/\/qfi.paris\/fr_fr\/nos-vins\/","title":{"rendered":"Nos vins"},"content":{"rendered":"\n<div class=\"wp-block-group alignfull has-global-padding is-layout-constrained wp-container-core-group-is-layout-490fa1db wp-block-group-is-layout-constrained\" style=\"padding-top:var(--wp--preset--spacing--50);padding-right:var(--wp--preset--spacing--50);padding-bottom:var(--wp--preset--spacing--50);padding-left:var(--wp--preset--spacing--50)\">\n<div class=\"wp-block-group has-global-padding is-layout-constrained wp-container-core-group-is-layout-650790e1 wp-block-group-is-layout-constrained\">\n<h1 class=\"wp-block-heading has-text-align-center has-x-large-font-size\">D\u00e9couvrez l&rsquo;excellence des vins fran\u00e7ais<\/h1>\n\n\n\n<div style=\"height:1.25rem\" aria-hidden=\"true\" class=\"wp-block-spacer\"><\/div>\n\n\n\n<p class=\"has-text-align-center\">D\u00e9couvrez l&rsquo;excellence des vins fran\u00e7ais \u00e0 travers notre s\u00e9lection soigneusement \u00e9labor\u00e9e par l&rsquo;\u00e9quipe de Qualit\u00e9 France Internationale (QFI). Chaque bouteille que nous proposons est le fruit d&rsquo;un savoir-faire artisanal s\u00e9culaire, refl\u00e9tant la diversit\u00e9 et la richesse des terroirs fran\u00e7ais.<\/p>\n\n\n\n<figure class=\"wp-block-image size-full\"><img loading=\"lazy\" decoding=\"async\" width=\"735\" height=\"400\" src=\"https:\/\/qfi.paris\/wp-content\/uploads\/2024\/08\/jocelyn-aubert-735x400-1.jpg\" alt=\"\" class=\"wp-image-18\" srcset=\"https:\/\/qfi.paris\/wp-content\/uploads\/2024\/08\/jocelyn-aubert-735x400-1.jpg 735w, https:\/\/qfi.paris\/wp-content\/uploads\/2024\/08\/jocelyn-aubert-735x400-1-300x163.jpg 300w\" sizes=\"auto, (max-width: 735px) 100vw, 735px\" \/><\/figure>\n\n\n\n<div style=\"height:1.25rem\" aria-hidden=\"true\" class=\"wp-block-spacer\"><\/div>\n<\/div>\n\n\n\n<div style=\"height:var(--wp--preset--spacing--30)\" aria-hidden=\"true\" class=\"wp-block-spacer\"><\/div>\n<\/div>\n\n\n\n<div class=\"wp-block-group alignfull has-base-2-background-color has-background has-global-padding is-layout-constrained wp-container-core-group-is-layout-669513ed wp-block-group-is-layout-constrained\" style=\"margin-top:0;margin-bottom:0;padding-top:var(--wp--preset--spacing--50);padding-right:var(--wp--preset--spacing--50);padding-bottom:var(--wp--preset--spacing--50);padding-left:var(--wp--preset--spacing--50)\">\n<div class=\"wp-block-group is-vertical is-content-justification-center is-layout-flex wp-container-core-group-is-layout-52b864f0 wp-block-group-is-layout-flex\">\n<h2 class=\"wp-block-heading has-text-align-center is-style-asterisk\">Quelques uns de nos vins<\/h2>\n\n\n\n<div style=\"height:0px\" aria-hidden=\"true\" class=\"wp-block-spacer wp-container-content-4f2ccadb\"><\/div>\n\n\n\n<p class=\"has-text-align-center\"><\/p>\n<\/div>\n\n\n\n<div style=\"margin-top:0;margin-bottom:0;height:var(--wp--preset--spacing--40)\" aria-hidden=\"true\" class=\"wp-block-spacer\"><\/div>\n\n\n\n<div class=\"wp-block-columns alignwide is-layout-flex wp-container-core-columns-is-layout-d0bbbce0 wp-block-columns-is-layout-flex\">\n<div class=\"wp-block-column is-layout-flow wp-container-core-column-is-layout-e3d1c41b wp-block-column-is-layout-flow\">\n<h3 class=\"wp-block-heading has-text-align-left is-style-asterisk has-body-font-family has-medium-font-size\" style=\"font-style:normal;font-weight:600\">Ch\u00e2teau Le Crock<\/h3>\n\n\n\n<figure class=\"wp-block-image size-full is-resized\"><img loading=\"lazy\" decoding=\"async\" width=\"550\" height=\"1000\" src=\"https:\/\/qfi.paris\/wp-content\/uploads\/2024\/08\/chateau-le-crock-2018.png\" alt=\"\" class=\"wp-image-51\" style=\"width:392px;height:auto\" srcset=\"https:\/\/qfi.paris\/wp-content\/uploads\/2024\/08\/chateau-le-crock-2018.png 550w, https:\/\/qfi.paris\/wp-content\/uploads\/2024\/08\/chateau-le-crock-2018-165x300.png 165w\" sizes=\"auto, (max-width: 550px) 100vw, 550px\" \/><\/figure>\n\n\n\n<p class=\"has-text-align-left\">Le Ch\u00e2teau Le Crock est un vin prestigieux class\u00e9 Cru Bourgeois Exceptionnel, situ\u00e9 dans l&rsquo;appellation Saint-Est\u00e8phe, au c\u0153ur de la r\u00e9gion viticole de Bordeaux. Les vins du Ch\u00e2teau Le Crock se distinguent par leur texture velout\u00e9e et leur puissance en bouche, offrant une finale longue et harmonieuse.<\/p>\n\n\n\n<p class=\"has-text-align-left\"><\/p>\n<\/div>\n\n\n\n<div class=\"wp-block-column is-layout-flow wp-container-core-column-is-layout-e3d1c41b wp-block-column-is-layout-flow\">\n<h3 class=\"wp-block-heading has-text-align-left is-style-asterisk has-body-font-family has-medium-font-size\" style=\"font-style:normal;font-weight:600\">Ch\u00e2teau Moulin Riche<\/h3>\n\n\n\n<figure class=\"wp-block-image aligncenter size-full is-resized\"><img loading=\"lazy\" decoding=\"async\" width=\"130\" height=\"531\" src=\"https:\/\/qfi.paris\/wp-content\/uploads\/2024\/08\/moulin_riche.png\" alt=\"\" class=\"wp-image-53\" style=\"width:169px;height:auto\"\/><\/figure>\n\n\n\n<p class=\"has-text-align-left\">Le Ch\u00e2teau Moulin Riche est un vin de la prestigieuse appellation Saint-Julien, reconnu pour son statut de Cru Bourgeois Exceptionnel depuis 1932. Le Ch\u00e2teau Moulin Riche se distingue par ses vins puissants et nobles, aux ar\u00f4mes de fruits rouges et d&rsquo;\u00e9pices douces, avec une structure tannique velout\u00e9e et une belle longueur en bouche.<\/p>\n<\/div>\n\n\n\n<div class=\"wp-block-column is-layout-flow wp-container-core-column-is-layout-e3d1c41b wp-block-column-is-layout-flow\">\n<h3 class=\"wp-block-heading has-text-align-left is-style-asterisk has-body-font-family has-medium-font-size\" style=\"font-style:normal;font-weight:600\">Ch\u00e2teau L\u00e9oville Poyferr\u00e9<\/h3>\n\n\n\n<figure class=\"wp-block-image size-full is-resized\"><img loading=\"lazy\" decoding=\"async\" width=\"550\" height=\"1000\" src=\"https:\/\/qfi.paris\/wp-content\/uploads\/2024\/08\/Chateau-Leoville-Poyferre-1.png\" alt=\"\" class=\"wp-image-55\" style=\"width:393px;height:auto\" srcset=\"https:\/\/qfi.paris\/wp-content\/uploads\/2024\/08\/Chateau-Leoville-Poyferre-1.png 550w, https:\/\/qfi.paris\/wp-content\/uploads\/2024\/08\/Chateau-Leoville-Poyferre-1-165x300.png 165w\" sizes=\"auto, (max-width: 550px) 100vw, 550px\" \/><\/figure>\n\n\n\n<p class=\"has-text-align-left\">Le Ch\u00e2teau L\u00e9oville Poyferr\u00e9 est un domaine viticole prestigieux situ\u00e9 dans l&rsquo;appellation Saint-Julien, au c\u0153ur de la r\u00e9gion viticole du M\u00e9doc \u00e0 Bordeaux. Class\u00e9 deuxi\u00e8me grand cru au classement de 1855, ce domaine est reconnu pour ses vins d&rsquo;exception. Les vins du domaine sont r\u00e9put\u00e9s pour leur texture \u00e9l\u00e9gante, leurs tanins soyeux et leur capacit\u00e9 \u00e0 vieillir, offrant des ar\u00f4mes complexes de fruits noirs, d&rsquo;\u00e9pices et de notes florales<\/p>\n<\/div>\n<\/div>\n\n\n\n<div style=\"height:var(--wp--preset--spacing--20)\" aria-hidden=\"true\" class=\"wp-block-spacer\"><\/div>\n<\/div>\n\n\n\n<div class=\"wp-block-group alignfull has-global-padding is-layout-constrained wp-container-core-group-is-layout-d89aad35 wp-block-group-is-layout-constrained\" style=\"margin-top:0;margin-bottom:0;padding-top:var(--wp--preset--spacing--50);padding-right:var(--wp--preset--spacing--50);padding-bottom:var(--wp--preset--spacing--50);padding-left:var(--wp--preset--spacing--50)\"><\/div>\n","protected":false},"excerpt":{"rendered":"<p>D\u00e9couvrez l&rsquo;excellence des vins fran\u00e7ais D\u00e9couvrez l&rsquo;excellence des vins fran\u00e7ais \u00e0 travers notre s\u00e9lection soigneusement \u00e9labor\u00e9e par l&rsquo;\u00e9quipe de Qualit\u00e9 France Internationale (QFI). Chaque bouteille que nous proposons est le fruit d&rsquo;un savoir-faire artisanal s\u00e9culaire, refl\u00e9tant la diversit\u00e9 et la richesse des terroirs fran\u00e7ais. Quelques uns de nos vins Ch\u00e2teau Le Crock Le Ch\u00e2teau Le [&hellip;]<\/p>\n","protected":false},"author":1,"featured_media":0,"parent":0,"menu_order":0,"comment_status":"closed","ping_status":"closed","template":"","meta":{"footnotes":""},"class_list":["post-10","page","type-page","status-publish","hentry"],"_links":{"self":[{"href":"https:\/\/qfi.paris\/fr_fr\/wp-json\/wp\/v2\/pages\/10","targetHints":{"allow":["GET"]}}],"collection":[{"href":"https:\/\/qfi.paris\/fr_fr\/wp-json\/wp\/v2\/pages"}],"about":[{"href":"https:\/\/qfi.paris\/fr_fr\/wp-json\/wp\/v2\/types\/page"}],"author":[{"embeddable":true,"href":"https:\/\/qfi.paris\/fr_fr\/wp-json\/wp\/v2\/users\/1"}],"replies":[{"embeddable":true,"href":"https:\/\/qfi.paris\/fr_fr\/wp-json\/wp\/v2\/comments?post=10"}],"version-history":[{"count":9,"href":"https:\/\/qfi.paris\/fr_fr\/wp-json\/wp\/v2\/pages\/10\/revisions"}],"predecessor-version":[{"id":77,"href":"https:\/\/qfi.paris\/fr_fr\/wp-json\/wp\/v2\/pages\/10\/revisions\/77"}],"wp:attachment":[{"href":"https:\/\/qfi.paris\/fr_fr\/wp-json\/wp\/v2\/media?parent=10"}],"curies":[{"name":"wp","href":"https:\/\/api.w.org\/{rel}","templated":true}]}}