{"id":27,"date":"2024-08-18T08:19:19","date_gmt":"2024-08-18T08:19:19","guid":{"rendered":"https:\/\/qfi.paris\/?page_id=27"},"modified":"2024-08-18T13:22:03","modified_gmt":"2024-08-18T13:22:03","slug":"nos-services","status":"publish","type":"page","link":"https:\/\/qfi.paris\/fr_fr\/nos-services\/","title":{"rendered":"Nos services"},"content":{"rendered":"\n<div class=\"wp-block-group alignfull has-global-padding is-layout-constrained wp-container-core-group-is-layout-490fa1db wp-block-group-is-layout-constrained\" style=\"padding-top:var(--wp--preset--spacing--50);padding-right:var(--wp--preset--spacing--50);padding-bottom:var(--wp--preset--spacing--50);padding-left:var(--wp--preset--spacing--50)\">\n<div class=\"wp-block-group has-global-padding is-layout-constrained wp-container-core-group-is-layout-650790e1 wp-block-group-is-layout-constrained\">\n<h1 class=\"wp-block-heading has-text-align-center has-x-large-font-size\">Une exp\u00e9rience sur mesure<\/h1>\n\n\n\n<div style=\"height:1.25rem\" aria-hidden=\"true\" class=\"wp-block-spacer\"><\/div>\n\n\n\n<p class=\"has-text-align-center\">Chez Qualit\u00e9 France Internationale (QFI), nous ne nous contentons pas de vous proposer les meilleurs vins fran\u00e7ais, nous vous offrons \u00e9galement une exp\u00e9rience sur mesure, adapt\u00e9e \u00e0 vos besoins et \u00e0 vos pr\u00e9f\u00e9rences.<\/p>\n\n\n\n<figure class=\"wp-block-image size-large\"><img loading=\"lazy\" decoding=\"async\" width=\"1024\" height=\"576\" src=\"https:\/\/qfi.paris\/wp-content\/uploads\/2024\/08\/service-1024x576.jpeg\" alt=\"\" class=\"wp-image-48\" srcset=\"https:\/\/qfi.paris\/wp-content\/uploads\/2024\/08\/service-1024x576.jpeg 1024w, https:\/\/qfi.paris\/wp-content\/uploads\/2024\/08\/service-300x169.jpeg 300w, https:\/\/qfi.paris\/wp-content\/uploads\/2024\/08\/service-768x432.jpeg 768w, https:\/\/qfi.paris\/wp-content\/uploads\/2024\/08\/service.jpeg 1280w\" sizes=\"auto, (max-width: 1024px) 100vw, 1024px\" \/><\/figure>\n\n\n\n<div style=\"height:1.25rem\" aria-hidden=\"true\" class=\"wp-block-spacer\"><\/div>\n<\/div>\n<\/div>\n\n\n\n<div class=\"wp-block-group alignfull has-base-2-background-color has-background has-global-padding is-layout-constrained wp-container-core-group-is-layout-669513ed wp-block-group-is-layout-constrained\" style=\"margin-top:0;margin-bottom:0;padding-top:var(--wp--preset--spacing--50);padding-right:var(--wp--preset--spacing--50);padding-bottom:var(--wp--preset--spacing--50);padding-left:var(--wp--preset--spacing--50)\">\n<div style=\"margin-top:0;margin-bottom:0;height:var(--wp--preset--spacing--40)\" aria-hidden=\"true\" class=\"wp-block-spacer\"><\/div>\n\n\n\n<div class=\"wp-block-columns alignwide is-layout-flex wp-container-core-columns-is-layout-d0bbbce0 wp-block-columns-is-layout-flex\">\n<div class=\"wp-block-column is-layout-flow wp-container-core-column-is-layout-e3d1c41b wp-block-column-is-layout-flow\">\n<h3 class=\"wp-block-heading has-text-align-left is-style-asterisk has-body-font-family has-medium-font-size\" style=\"font-style:normal;font-weight:600\">Conseils Personnalis\u00e9s<\/h3>\n\n\n\n<p class=\"has-text-align-left\">Nous comprenons que chaque client est unique, c&rsquo;est pourquoi nous offrons des conseils personnalis\u00e9s pour vous aider \u00e0 choisir les vins qui correspondent \u00e0 vos go\u00fbts et \u00e0 vos \u00e9v\u00e9nements sp\u00e9ciaux. Que ce soit pour un anniversaire, une f\u00eate familiale ou un s\u00e9minaire professionnel, notre \u00e9quipe d&rsquo;experts en vin est l\u00e0 pour vous guider.<\/p>\n<\/div>\n\n\n\n<div class=\"wp-block-column is-layout-flow wp-container-core-column-is-layout-e3d1c41b wp-block-column-is-layout-flow\">\n<h3 class=\"wp-block-heading has-text-align-left is-style-asterisk has-body-font-family has-medium-font-size\" style=\"font-style:normal;font-weight:600\">Constitution de Cave Personnelle<\/h3>\n\n\n\n<p class=\"has-text-align-left\">R\u00eavez-vous de constituer une cave \u00e0 vins d&rsquo;exception ? Nous vous accompagnons dans cette aventure en vous fournissant des conseils avis\u00e9s et en s\u00e9lectionnant pour vous les vins les plus adapt\u00e9s \u00e0 votre collection personnelle. Faites de votre cave un v\u00e9ritable tr\u00e9sor de la gastronomie fran\u00e7aise.<\/p>\n<\/div>\n\n\n\n<div class=\"wp-block-column is-layout-flow wp-container-core-column-is-layout-e3d1c41b wp-block-column-is-layout-flow\">\n<h3 class=\"wp-block-heading has-text-align-left is-style-asterisk has-body-font-family has-medium-font-size\" style=\"font-style:normal;font-weight:600\">Logistique d&rsquo;Exportation<\/h3>\n\n\n\n<p class=\"has-text-align-left\">Exportez nos vins d&rsquo;excellence \u00e0 travers le monde en toute simplicit\u00e9 gr\u00e2ce \u00e0 notre service de logistique complet. De l&rsquo;envoi \u00e0 la livraison jusqu&rsquo;\u00e0 l&rsquo;adresse finale, en passant par le d\u00e9douanement, nous nous occupons de tout pour que vos vins arrivent \u00e0 destination dans les meilleures conditions.<\/p>\n<\/div>\n<\/div>\n\n\n\n<div style=\"height:var(--wp--preset--spacing--20)\" aria-hidden=\"true\" class=\"wp-block-spacer\"><\/div>\n<\/div>\n","protected":false},"excerpt":{"rendered":"<p>Une exp\u00e9rience sur mesure Chez Qualit\u00e9 France Internationale (QFI), nous ne nous contentons pas de vous proposer les meilleurs vins fran\u00e7ais, nous vous offrons \u00e9galement une exp\u00e9rience sur mesure, adapt\u00e9e \u00e0 vos besoins et \u00e0 vos pr\u00e9f\u00e9rences. Conseils Personnalis\u00e9s Nous comprenons que chaque client est unique, c&rsquo;est pourquoi nous offrons des conseils personnalis\u00e9s pour vous [&hellip;]<\/p>\n","protected":false},"author":1,"featured_media":0,"parent":0,"menu_order":0,"comment_status":"closed","ping_status":"closed","template":"","meta":{"footnotes":""},"class_list":["post-27","page","type-page","status-publish","hentry"],"_links":{"self":[{"href":"https:\/\/qfi.paris\/fr_fr\/wp-json\/wp\/v2\/pages\/27","targetHints":{"allow":["GET"]}}],"collection":[{"href":"https:\/\/qfi.paris\/fr_fr\/wp-json\/wp\/v2\/pages"}],"about":[{"href":"https:\/\/qfi.paris\/fr_fr\/wp-json\/wp\/v2\/types\/page"}],"author":[{"embeddable":true,"href":"https:\/\/qfi.paris\/fr_fr\/wp-json\/wp\/v2\/users\/1"}],"replies":[{"embeddable":true,"href":"https:\/\/qfi.paris\/fr_fr\/wp-json\/wp\/v2\/comments?post=27"}],"version-history":[{"count":3,"href":"https:\/\/qfi.paris\/fr_fr\/wp-json\/wp\/v2\/pages\/27\/revisions"}],"predecessor-version":[{"id":49,"href":"https:\/\/qfi.paris\/fr_fr\/wp-json\/wp\/v2\/pages\/27\/revisions\/49"}],"wp:attachment":[{"href":"https:\/\/qfi.paris\/fr_fr\/wp-json\/wp\/v2\/media?parent=27"}],"curies":[{"name":"wp","href":"https:\/\/api.w.org\/{rel}","templated":true}]}}