{"id":27,"date":"2024-08-18T08:19:19","date_gmt":"2024-08-18T08:19:19","guid":{"rendered":"https:\/\/qfi.paris\/?page_id=27"},"modified":"2024-08-18T13:22:03","modified_gmt":"2024-08-18T13:22:03","slug":"nos-services","status":"publish","type":"page","link":"https:\/\/qfi.paris\/zh\/nos-services\/","title":{"rendered":"\u6211\u4eec\u7684\u670d\u52a1"},"content":{"rendered":"<div class=\"wp-block-group alignfull has-global-padding is-layout-constrained wp-container-core-group-is-layout-490fa1db wp-block-group-is-layout-constrained\" style=\"padding-top:var(--wp--preset--spacing--50);padding-right:var(--wp--preset--spacing--50);padding-bottom:var(--wp--preset--spacing--50);padding-left:var(--wp--preset--spacing--50)\">\n<div class=\"wp-block-group has-global-padding is-layout-constrained wp-container-core-group-is-layout-650790e1 wp-block-group-is-layout-constrained\">\n<h1 class=\"wp-block-heading has-text-align-center has-x-large-font-size\">\u91cf\u8eab\u5b9a\u5236\u7684\u4f53\u9a8c<\/h1>\n\n\n\n<div style=\"height:1.25rem\" aria-hidden=\"true\" class=\"wp-block-spacer\"><\/div>\n\n\n\n<p class=\"has-text-align-center\">\u5728\u6cd5\u56fd\u54c1\u8d28\u56fd\u9645\u516c\u53f8\uff0c\u6211\u4eec\u4e0d\u4ec5\u4e3a\u60a8\u63d0\u4f9b\u6700\u597d\u7684\u6cd5\u56fd\u8461\u8404\u9152\uff0c\u8fd8\u4e3a\u60a8\u63d0\u4f9b\u91cf\u8eab\u5b9a\u5236\u7684\u4f53\u9a8c\uff0c\u4ee5\u6ee1\u8db3\u60a8\u7684\u9700\u6c42\u548c\u559c\u597d\u3002<\/p>\n\n\n\n<figure class=\"wp-block-image size-large\"><img loading=\"lazy\" decoding=\"async\" width=\"1024\" height=\"576\" src=\"https:\/\/qfi.paris\/wp-content\/uploads\/2024\/08\/service-1024x576.jpeg\" alt=\"\" class=\"wp-image-48\" srcset=\"https:\/\/qfi.paris\/wp-content\/uploads\/2024\/08\/service-1024x576.jpeg 1024w, https:\/\/qfi.paris\/wp-content\/uploads\/2024\/08\/service-300x169.jpeg 300w, https:\/\/qfi.paris\/wp-content\/uploads\/2024\/08\/service-768x432.jpeg 768w, https:\/\/qfi.paris\/wp-content\/uploads\/2024\/08\/service.jpeg 1280w\" sizes=\"auto, (max-width: 1024px) 100vw, 1024px\" \/><\/figure>\n\n\n\n<div style=\"height:1.25rem\" aria-hidden=\"true\" class=\"wp-block-spacer\"><\/div>\n<\/div>\n<\/div>\n\n\n\n<div class=\"wp-block-group alignfull has-base-2-background-color has-background has-global-padding is-layout-constrained wp-container-core-group-is-layout-669513ed wp-block-group-is-layout-constrained\" style=\"margin-top:0;margin-bottom:0;padding-top:var(--wp--preset--spacing--50);padding-right:var(--wp--preset--spacing--50);padding-bottom:var(--wp--preset--spacing--50);padding-left:var(--wp--preset--spacing--50)\">\n<div style=\"margin-top:0;margin-bottom:0;height:var(--wp--preset--spacing--40)\" aria-hidden=\"true\" class=\"wp-block-spacer\"><\/div>\n\n\n\n<div class=\"wp-block-columns alignwide is-layout-flex wp-container-core-columns-is-layout-d0bbbce0 wp-block-columns-is-layout-flex\">\n<div class=\"wp-block-column is-layout-flow wp-container-core-column-is-layout-e3d1c41b wp-block-column-is-layout-flow\">\n<h3 class=\"wp-block-heading has-text-align-left is-style-asterisk has-body-font-family has-medium-font-size\" style=\"font-style:normal;font-weight:600\">\u4e2a\u6027\u5316\u5efa\u8bae<\/h3>\n\n\n\n<p class=\"has-text-align-left\">\u6211\u4eec\u4e86\u89e3\u6bcf\u4f4d\u5ba2\u6237\u90fd\u662f\u72ec\u4e00\u65e0\u4e8c\u7684\uff0c\u56e0\u6b64\u6211\u4eec\u63d0\u4f9b\u4e2a\u6027\u5316\u5efa\u8bae\uff0c\u5e2e\u52a9\u60a8\u9009\u62e9\u9002\u5408\u60a8\u53e3\u5473\u548c\u7279\u6b8a\u6d3b\u52a8\u7684\u8461\u8404\u9152\u3002\u65e0\u8bba\u662f\u751f\u65e5\u3001\u5bb6\u5ead\u5e86\u795d\u6d3b\u52a8\u8fd8\u662f\u4e13\u4e1a\u7814\u8ba8\u4f1a\uff0c\u6211\u4eec\u7684\u8461\u8404\u9152\u4e13\u5bb6\u56e2\u961f\u90fd\u4f1a\u4e3a\u60a8\u63d0\u4f9b\u6307\u5bfc\u3002<\/p>\n<\/div>\n\n\n\n<div class=\"wp-block-column is-layout-flow wp-container-core-column-is-layout-e3d1c41b wp-block-column-is-layout-flow\">\n<h3 class=\"wp-block-heading has-text-align-left is-style-asterisk has-body-font-family has-medium-font-size\" style=\"font-style:normal;font-weight:600\">\u79c1\u4eba\u9152\u7a96\u7684\u6784\u6210<\/h3>\n\n\n\n<p class=\"has-text-align-left\">\u60a8\u68a6\u60f3\u5efa\u9020\u4e00\u4e2a\u975e\u51e1\u7684\u9152\u7a96\u5417\uff1f\u6211\u4eec\u4e3a\u60a8\u7684\u5192\u9669\u4e4b\u65c5\u63d0\u4f9b\u652f\u6301\uff0c\u4e3a\u60a8\u63d0\u4f9b\u5408\u7406\u7684\u5efa\u8bae\u5e76\u4e3a\u60a8\u9009\u62e9\u6700\u9002\u5408\u60a8\u4e2a\u4eba\u6536\u85cf\u7684\u8461\u8404\u9152\u3002\u8ba9\u60a8\u7684\u9152\u7a96\u6210\u4e3a\u6cd5\u56fd\u7f8e\u98df\u7684\u771f\u6b63\u5b9d\u85cf\u3002<\/p>\n<\/div>\n\n\n\n<div class=\"wp-block-column is-layout-flow wp-container-core-column-is-layout-e3d1c41b wp-block-column-is-layout-flow\">\n<h3 class=\"wp-block-heading has-text-align-left is-style-asterisk has-body-font-family has-medium-font-size\" style=\"font-style:normal;font-weight:600\">\u51fa\u53e3\u7269\u6d41<\/h3>\n\n\n\n<p class=\"has-text-align-left\">\u501f\u52a9\u6211\u4eec\u5168\u9762\u7684\u7269\u6d41\u670d\u52a1\uff0c\u53ef\u4ee5\u8f7b\u677e\u5730\u5c06\u6211\u4eec\u4f18\u8d28\u7684\u8461\u8404\u9152\u51fa\u53e3\u5230\u4e16\u754c\u5404\u5730\u3002\u4ece\u8fd0\u8f93\u5230\u4ea4\u4ed8\u5230\u6700\u7ec8\u5730\u5740\uff0c\u5305\u62ec\u6e05\u5173\uff0c\u6211\u4eec\u4f1a\u5904\u7406\u4e00\u5207\u4e8b\u5b9c\uff0c\u4ee5\u4fbf\u60a8\u7684\u8461\u8404\u9152\u4ee5\u6700\u4f73\u72b6\u6001\u62b5\u8fbe\u76ee\u7684\u5730\u3002<\/p>\n<\/div>\n<\/div>\n\n\n\n<div style=\"height:var(--wp--preset--spacing--20)\" aria-hidden=\"true\" class=\"wp-block-spacer\"><\/div>\n<\/div>","protected":false},"excerpt":{"rendered":"<p>Une exp\u00e9rience sur mesure Chez Qualit\u00e9 France Internationale (QFI), nous ne nous contentons pas de vous proposer les meilleurs vins fran\u00e7ais, nous vous offrons \u00e9galement une exp\u00e9rience sur mesure, adapt\u00e9e \u00e0 vos besoins et \u00e0 vos pr\u00e9f\u00e9rences. Conseils Personnalis\u00e9s Nous comprenons que chaque client est unique, c&rsquo;est pourquoi nous offrons des conseils personnalis\u00e9s pour vous [&hellip;]<\/p>\n","protected":false},"author":1,"featured_media":0,"parent":0,"menu_order":0,"comment_status":"closed","ping_status":"closed","template":"","meta":{"footnotes":""},"class_list":["post-27","page","type-page","status-publish","hentry"],"_links":{"self":[{"href":"https:\/\/qfi.paris\/zh\/wp-json\/wp\/v2\/pages\/27","targetHints":{"allow":["GET"]}}],"collection":[{"href":"https:\/\/qfi.paris\/zh\/wp-json\/wp\/v2\/pages"}],"about":[{"href":"https:\/\/qfi.paris\/zh\/wp-json\/wp\/v2\/types\/page"}],"author":[{"embeddable":true,"href":"https:\/\/qfi.paris\/zh\/wp-json\/wp\/v2\/users\/1"}],"replies":[{"embeddable":true,"href":"https:\/\/qfi.paris\/zh\/wp-json\/wp\/v2\/comments?post=27"}],"version-history":[{"count":3,"href":"https:\/\/qfi.paris\/zh\/wp-json\/wp\/v2\/pages\/27\/revisions"}],"predecessor-version":[{"id":49,"href":"https:\/\/qfi.paris\/zh\/wp-json\/wp\/v2\/pages\/27\/revisions\/49"}],"wp:attachment":[{"href":"https:\/\/qfi.paris\/zh\/wp-json\/wp\/v2\/media?parent=27"}],"curies":[{"name":"wp","href":"https:\/\/api.w.org\/{rel}","templated":true}]}}